{"id":87,"date":"2012-03-23T12:32:30","date_gmt":"2012-03-23T12:32:30","guid":{"rendered":"http:\/\/wp.creart.hu\/galeria-panzio\/?page_id=87"},"modified":"2014-10-29T14:00:47","modified_gmt":"2014-10-29T14:00:47","slug":"gallery","status":"publish","type":"page","link":"https:\/\/www.galeria-panzio.hu\/en\/gallery\/","title":{"rendered":"Gallery"},"content":{"rendered":"\r\n<div class=\"ngg-galleryoverview\" id=\"ngg-gallery-1-87\">\r\n\r\n\t<!-- Slideshow link -->\r\n\t<div class=\"slideshowlink\">\r\n\t\t<a class=\"slideshowlink\" href=\"https:\/\/www.galeria-panzio.hu\/en\/gallery\/?show=slide\">\r\n\t\t\t[Show as slideshow]\t\t<\/a>\r\n\t<\/div>\r\n\r\n\t\r\n\t<!-- Thumbnails -->\r\n\t\t\r\n\t<div id=\"ngg-image-1\" class=\"ngg-gallery-thumbnail-box\"  >\r\n\t\t<div class=\"ngg-gallery-thumbnail\" >\r\n\t\t\t<a href=\"https:\/\/www.galeria-panzio.hu\/files\/panzio\/galeria_panzio_01.jpg\" title=\" \" class=\"shutterset_set_1\" >\r\n\t\t\t\t\t\t\t\t<img loading=\"lazy\" decoding=\"async\" title=\"galeria_panzio_01\" alt=\"galeria_panzio_01\" src=\"https:\/\/www.galeria-panzio.hu\/files\/panzio\/thumbs\/thumbs_galeria_panzio_01.jpg\" width=\"100\" height=\"75\" \/>\r\n\t\t\t\t\t\t\t<\/a>\r\n\t\t<\/div>\r\n\t<\/div>\r\n\t\r\n\t\t\r\n \t\t\r\n\t<div id=\"ngg-image-2\" class=\"ngg-gallery-thumbnail-box\"  >\r\n\t\t<div class=\"ngg-gallery-thumbnail\" >\r\n\t\t\t<a href=\"https:\/\/www.galeria-panzio.hu\/files\/panzio\/galeria_panzio_02.jpg\" title=\" \" class=\"shutterset_set_1\" >\r\n\t\t\t\t\t\t\t\t<img loading=\"lazy\" decoding=\"async\" title=\"galeria_panzio_02\" alt=\"galeria_panzio_02\" src=\"https:\/\/www.galeria-panzio.hu\/files\/panzio\/thumbs\/thumbs_galeria_panzio_02.jpg\" width=\"100\" height=\"75\" \/>\r\n\t\t\t\t\t\t\t<\/a>\r\n\t\t<\/div>\r\n\t<\/div>\r\n\t\r\n\t\t\r\n \t\t\r\n\t<div id=\"ngg-image-3\" class=\"ngg-gallery-thumbnail-box\"  >\r\n\t\t<div class=\"ngg-gallery-thumbnail\" >\r\n\t\t\t<a href=\"https:\/\/www.galeria-panzio.hu\/files\/panzio\/galeria_panzio_03.jpg\" title=\" \" class=\"shutterset_set_1\" >\r\n\t\t\t\t\t\t\t\t<img loading=\"lazy\" decoding=\"async\" title=\"galeria_panzio_03\" alt=\"galeria_panzio_03\" src=\"https:\/\/www.galeria-panzio.hu\/files\/panzio\/thumbs\/thumbs_galeria_panzio_03.jpg\" width=\"100\" height=\"75\" \/>\r\n\t\t\t\t\t\t\t<\/a>\r\n\t\t<\/div>\r\n\t<\/div>\r\n\t\r\n\t\t\r\n \t\t\r\n\t<div id=\"ngg-image-4\" class=\"ngg-gallery-thumbnail-box\"  >\r\n\t\t<div class=\"ngg-gallery-thumbnail\" >\r\n\t\t\t<a href=\"https:\/\/www.galeria-panzio.hu\/files\/panzio\/galeria_panzio_04.jpg\" title=\" \" class=\"shutterset_set_1\" >\r\n\t\t\t\t\t\t\t\t<img loading=\"lazy\" decoding=\"async\" title=\"galeria_panzio_04\" alt=\"galeria_panzio_04\" src=\"https:\/\/www.galeria-panzio.hu\/files\/panzio\/thumbs\/thumbs_galeria_panzio_04.jpg\" width=\"100\" height=\"75\" \/>\r\n\t\t\t\t\t\t\t<\/a>\r\n\t\t<\/div>\r\n\t<\/div>\r\n\t\r\n\t\t\r\n \t\t\r\n\t<div id=\"ngg-image-5\" class=\"ngg-gallery-thumbnail-box\"  >\r\n\t\t<div class=\"ngg-gallery-thumbnail\" >\r\n\t\t\t<a href=\"https:\/\/www.galeria-panzio.hu\/files\/panzio\/galeria_panzio_05.jpg\" title=\" \" class=\"shutterset_set_1\" >\r\n\t\t\t\t\t\t\t\t<img loading=\"lazy\" decoding=\"async\" title=\"galeria_panzio_05\" alt=\"galeria_panzio_05\" src=\"https:\/\/www.galeria-panzio.hu\/files\/panzio\/thumbs\/thumbs_galeria_panzio_05.jpg\" width=\"100\" height=\"75\" \/>\r\n\t\t\t\t\t\t\t<\/a>\r\n\t\t<\/div>\r\n\t<\/div>\r\n\t\r\n\t\t\r\n \t\t\r\n\t<div id=\"ngg-image-6\" class=\"ngg-gallery-thumbnail-box\"  >\r\n\t\t<div class=\"ngg-gallery-thumbnail\" >\r\n\t\t\t<a href=\"https:\/\/www.galeria-panzio.hu\/files\/panzio\/galeria_panzio_06.jpg\" title=\" \" class=\"shutterset_set_1\" >\r\n\t\t\t\t\t\t\t\t<img loading=\"lazy\" decoding=\"async\" title=\"galeria_panzio_06\" alt=\"galeria_panzio_06\" src=\"https:\/\/www.galeria-panzio.hu\/files\/panzio\/thumbs\/thumbs_galeria_panzio_06.jpg\" width=\"100\" height=\"75\" \/>\r\n\t\t\t\t\t\t\t<\/a>\r\n\t\t<\/div>\r\n\t<\/div>\r\n\t\r\n\t\t\r\n \t\t\r\n\t<div id=\"ngg-image-7\" class=\"ngg-gallery-thumbnail-box\"  >\r\n\t\t<div class=\"ngg-gallery-thumbnail\" >\r\n\t\t\t<a href=\"https:\/\/www.galeria-panzio.hu\/files\/panzio\/galeria_panzio_07.jpg\" title=\" \" class=\"shutterset_set_1\" >\r\n\t\t\t\t\t\t\t\t<img loading=\"lazy\" decoding=\"async\" title=\"galeria_panzio_07\" alt=\"galeria_panzio_07\" src=\"https:\/\/www.galeria-panzio.hu\/files\/panzio\/thumbs\/thumbs_galeria_panzio_07.jpg\" width=\"100\" height=\"75\" \/>\r\n\t\t\t\t\t\t\t<\/a>\r\n\t\t<\/div>\r\n\t<\/div>\r\n\t\r\n\t\t\r\n \t\t\r\n\t<div id=\"ngg-image-8\" class=\"ngg-gallery-thumbnail-box\"  >\r\n\t\t<div class=\"ngg-gallery-thumbnail\" >\r\n\t\t\t<a href=\"https:\/\/www.galeria-panzio.hu\/files\/panzio\/galeria_panzio_08.jpg\" title=\" \" class=\"shutterset_set_1\" >\r\n\t\t\t\t\t\t\t\t<img loading=\"lazy\" decoding=\"async\" title=\"galeria_panzio_08\" alt=\"galeria_panzio_08\" src=\"https:\/\/www.galeria-panzio.hu\/files\/panzio\/thumbs\/thumbs_galeria_panzio_08.jpg\" width=\"100\" height=\"75\" \/>\r\n\t\t\t\t\t\t\t<\/a>\r\n\t\t<\/div>\r\n\t<\/div>\r\n\t\r\n\t\t\r\n \t\t\r\n\t<div id=\"ngg-image-9\" class=\"ngg-gallery-thumbnail-box\"  >\r\n\t\t<div class=\"ngg-gallery-thumbnail\" >\r\n\t\t\t<a href=\"https:\/\/www.galeria-panzio.hu\/files\/panzio\/galeria_panzio_09.jpg\" title=\" \" class=\"shutterset_set_1\" >\r\n\t\t\t\t\t\t\t\t<img loading=\"lazy\" decoding=\"async\" title=\"galeria_panzio_09\" alt=\"galeria_panzio_09\" src=\"https:\/\/www.galeria-panzio.hu\/files\/panzio\/thumbs\/thumbs_galeria_panzio_09.jpg\" width=\"100\" height=\"75\" \/>\r\n\t\t\t\t\t\t\t<\/a>\r\n\t\t<\/div>\r\n\t<\/div>\r\n\t\r\n\t\t\r\n \t\t\r\n\t<div id=\"ngg-image-10\" class=\"ngg-gallery-thumbnail-box\"  >\r\n\t\t<div class=\"ngg-gallery-thumbnail\" >\r\n\t\t\t<a href=\"https:\/\/www.galeria-panzio.hu\/files\/panzio\/galeria_panzio_10.jpg\" title=\" \" class=\"shutterset_set_1\" >\r\n\t\t\t\t\t\t\t\t<img loading=\"lazy\" decoding=\"async\" title=\"galeria_panzio_10\" alt=\"galeria_panzio_10\" src=\"https:\/\/www.galeria-panzio.hu\/files\/panzio\/thumbs\/thumbs_galeria_panzio_10.jpg\" width=\"100\" height=\"75\" \/>\r\n\t\t\t\t\t\t\t<\/a>\r\n\t\t<\/div>\r\n\t<\/div>\r\n\t\r\n\t\t\r\n \t\t\r\n\t<div id=\"ngg-image-11\" class=\"ngg-gallery-thumbnail-box\"  >\r\n\t\t<div class=\"ngg-gallery-thumbnail\" >\r\n\t\t\t<a href=\"https:\/\/www.galeria-panzio.hu\/files\/panzio\/galeria_panzio_11.jpg\" title=\" \" class=\"shutterset_set_1\" >\r\n\t\t\t\t\t\t\t\t<img loading=\"lazy\" decoding=\"async\" title=\"galeria_panzio_11\" alt=\"galeria_panzio_11\" src=\"https:\/\/www.galeria-panzio.hu\/files\/panzio\/thumbs\/thumbs_galeria_panzio_11.jpg\" width=\"100\" height=\"75\" \/>\r\n\t\t\t\t\t\t\t<\/a>\r\n\t\t<\/div>\r\n\t<\/div>\r\n\t\r\n\t\t\r\n \t\t\r\n\t<div id=\"ngg-image-12\" class=\"ngg-gallery-thumbnail-box\"  >\r\n\t\t<div class=\"ngg-gallery-thumbnail\" >\r\n\t\t\t<a href=\"https:\/\/www.galeria-panzio.hu\/files\/panzio\/galeria_panzio_12.jpg\" title=\" \" class=\"shutterset_set_1\" >\r\n\t\t\t\t\t\t\t\t<img loading=\"lazy\" decoding=\"async\" title=\"galeria_panzio_12\" alt=\"galeria_panzio_12\" src=\"https:\/\/www.galeria-panzio.hu\/files\/panzio\/thumbs\/thumbs_galeria_panzio_12.jpg\" width=\"100\" height=\"75\" \/>\r\n\t\t\t\t\t\t\t<\/a>\r\n\t\t<\/div>\r\n\t<\/div>\r\n\t\r\n\t\t\r\n \t\t\r\n\t<div id=\"ngg-image-13\" class=\"ngg-gallery-thumbnail-box\"  >\r\n\t\t<div class=\"ngg-gallery-thumbnail\" >\r\n\t\t\t<a href=\"https:\/\/www.galeria-panzio.hu\/files\/panzio\/galeria_panzio_13.jpg\" title=\" \" class=\"shutterset_set_1\" >\r\n\t\t\t\t\t\t\t\t<img loading=\"lazy\" decoding=\"async\" title=\"galeria_panzio_13\" alt=\"galeria_panzio_13\" src=\"https:\/\/www.galeria-panzio.hu\/files\/panzio\/thumbs\/thumbs_galeria_panzio_13.jpg\" width=\"100\" height=\"75\" \/>\r\n\t\t\t\t\t\t\t<\/a>\r\n\t\t<\/div>\r\n\t<\/div>\r\n\t\r\n\t\t\r\n \t\t\r\n\t<div id=\"ngg-image-14\" class=\"ngg-gallery-thumbnail-box\"  >\r\n\t\t<div class=\"ngg-gallery-thumbnail\" >\r\n\t\t\t<a href=\"https:\/\/www.galeria-panzio.hu\/files\/panzio\/galeria_panzio_14.jpg\" title=\" \" class=\"shutterset_set_1\" >\r\n\t\t\t\t\t\t\t\t<img loading=\"lazy\" decoding=\"async\" title=\"galeria_panzio_14\" alt=\"galeria_panzio_14\" src=\"https:\/\/www.galeria-panzio.hu\/files\/panzio\/thumbs\/thumbs_galeria_panzio_14.jpg\" width=\"100\" height=\"75\" \/>\r\n\t\t\t\t\t\t\t<\/a>\r\n\t\t<\/div>\r\n\t<\/div>\r\n\t\r\n\t\t\r\n \t\t\r\n\t<div id=\"ngg-image-15\" class=\"ngg-gallery-thumbnail-box\"  >\r\n\t\t<div class=\"ngg-gallery-thumbnail\" >\r\n\t\t\t<a href=\"https:\/\/www.galeria-panzio.hu\/files\/panzio\/galeria_panzio_15.jpg\" title=\" \" class=\"shutterset_set_1\" >\r\n\t\t\t\t\t\t\t\t<img loading=\"lazy\" decoding=\"async\" title=\"galeria_panzio_15\" alt=\"galeria_panzio_15\" src=\"https:\/\/www.galeria-panzio.hu\/files\/panzio\/thumbs\/thumbs_galeria_panzio_15.jpg\" width=\"100\" height=\"75\" \/>\r\n\t\t\t\t\t\t\t<\/a>\r\n\t\t<\/div>\r\n\t<\/div>\r\n\t\r\n\t\t\r\n \t\t\r\n\t<div id=\"ngg-image-16\" class=\"ngg-gallery-thumbnail-box\"  >\r\n\t\t<div class=\"ngg-gallery-thumbnail\" >\r\n\t\t\t<a href=\"https:\/\/www.galeria-panzio.hu\/files\/panzio\/galeria_panzio_16.jpg\" title=\" \" class=\"shutterset_set_1\" >\r\n\t\t\t\t\t\t\t\t<img loading=\"lazy\" decoding=\"async\" title=\"galeria_panzio_16\" alt=\"galeria_panzio_16\" src=\"https:\/\/www.galeria-panzio.hu\/files\/panzio\/thumbs\/thumbs_galeria_panzio_16.jpg\" width=\"100\" height=\"75\" \/>\r\n\t\t\t\t\t\t\t<\/a>\r\n\t\t<\/div>\r\n\t<\/div>\r\n\t\r\n\t\t\r\n \t\t\r\n\t<div id=\"ngg-image-17\" class=\"ngg-gallery-thumbnail-box\"  >\r\n\t\t<div class=\"ngg-gallery-thumbnail\" >\r\n\t\t\t<a href=\"https:\/\/www.galeria-panzio.hu\/files\/panzio\/galeria_panzio_17.jpg\" title=\" \" class=\"shutterset_set_1\" >\r\n\t\t\t\t\t\t\t\t<img loading=\"lazy\" decoding=\"async\" title=\"galeria_panzio_17\" alt=\"galeria_panzio_17\" src=\"https:\/\/www.galeria-panzio.hu\/files\/panzio\/thumbs\/thumbs_galeria_panzio_17.jpg\" width=\"100\" height=\"75\" \/>\r\n\t\t\t\t\t\t\t<\/a>\r\n\t\t<\/div>\r\n\t<\/div>\r\n\t\r\n\t\t\r\n \t\t\r\n\t<div id=\"ngg-image-18\" class=\"ngg-gallery-thumbnail-box\"  >\r\n\t\t<div class=\"ngg-gallery-thumbnail\" >\r\n\t\t\t<a href=\"https:\/\/www.galeria-panzio.hu\/files\/panzio\/galeria_panzio_18.jpg\" title=\" \" class=\"shutterset_set_1\" >\r\n\t\t\t\t\t\t\t\t<img loading=\"lazy\" decoding=\"async\" title=\"galeria_panzio_18\" alt=\"galeria_panzio_18\" src=\"https:\/\/www.galeria-panzio.hu\/files\/panzio\/thumbs\/thumbs_galeria_panzio_18.jpg\" width=\"100\" height=\"75\" \/>\r\n\t\t\t\t\t\t\t<\/a>\r\n\t\t<\/div>\r\n\t<\/div>\r\n\t\r\n\t\t\r\n \t\t\r\n\t<div id=\"ngg-image-19\" class=\"ngg-gallery-thumbnail-box\"  >\r\n\t\t<div class=\"ngg-gallery-thumbnail\" >\r\n\t\t\t<a href=\"https:\/\/www.galeria-panzio.hu\/files\/panzio\/galeria_panzio_19.jpg\" title=\" \" class=\"shutterset_set_1\" >\r\n\t\t\t\t\t\t\t\t<img loading=\"lazy\" decoding=\"async\" title=\"galeria_panzio_19\" alt=\"galeria_panzio_19\" src=\"https:\/\/www.galeria-panzio.hu\/files\/panzio\/thumbs\/thumbs_galeria_panzio_19.jpg\" width=\"100\" height=\"75\" \/>\r\n\t\t\t\t\t\t\t<\/a>\r\n\t\t<\/div>\r\n\t<\/div>\r\n\t\r\n\t\t\r\n \t\t\r\n\t<div id=\"ngg-image-20\" class=\"ngg-gallery-thumbnail-box\"  >\r\n\t\t<div class=\"ngg-gallery-thumbnail\" >\r\n\t\t\t<a href=\"https:\/\/www.galeria-panzio.hu\/files\/panzio\/galeria_panzio_20.jpg\" title=\" \" class=\"shutterset_set_1\" >\r\n\t\t\t\t\t\t\t\t<img loading=\"lazy\" decoding=\"async\" title=\"galeria_panzio_20\" alt=\"galeria_panzio_20\" src=\"https:\/\/www.galeria-panzio.hu\/files\/panzio\/thumbs\/thumbs_galeria_panzio_20.jpg\" width=\"100\" height=\"75\" \/>\r\n\t\t\t\t\t\t\t<\/a>\r\n\t\t<\/div>\r\n\t<\/div>\r\n\t\r\n\t\t\r\n \t \t\r\n\t<!-- Pagination -->\r\n \t<div class='ngg-navigation'><span class=\"current\">1<\/span><a class=\"page-numbers\" href=\"https:\/\/www.galeria-panzio.hu\/en\/gallery\/?nggpage=2\">2<\/a><a class=\"next\" id=\"ngg-next-2\" href=\"https:\/\/www.galeria-panzio.hu\/en\/gallery\/?nggpage=2\">&#9658;<\/a><\/div> \t\r\n<\/div>\r\n\r\n\n","protected":false},"excerpt":{"rendered":"","protected":false},"author":1,"featured_media":0,"parent":0,"menu_order":0,"comment_status":"closed","ping_status":"closed","template":"","meta":{"footnotes":""},"class_list":["post-87","page","type-page","status-publish","hentry"],"yoast_head":"<!-- This site is optimized with the Yoast SEO plugin v27.5 - https:\/\/yoast.com\/product\/yoast-seo-wordpress\/ -->\n<title>Hotel Gal\u00e9ria | Nagykanizsa | Individual guest rooms and apparments<\/title>\n<meta name=\"description\" content=\"The Pension has 10 comfortable and individual guest rooms and apparments with kitchen the Pension provides pleasurable environment for 25 guests at one time\" \/>\n<meta name=\"robots\" content=\"index, follow, max-snippet:-1, max-image-preview:large, max-video-preview:-1\" \/>\n<link rel=\"canonical\" href=\"https:\/\/www.galeria-panzio.hu\/en\/gallery\/\" \/>\n<script type=\"application\/ld+json\" class=\"yoast-schema-graph\">{\"@context\":\"https:\\\/\\\/schema.org\",\"@graph\":[{\"@type\":\"WebPage\",\"@id\":\"https:\\\/\\\/www.galeria-panzio.hu\\\/en\\\/gallery\\\/\",\"url\":\"https:\\\/\\\/www.galeria-panzio.hu\\\/en\\\/gallery\\\/\",\"name\":\"Hotel Gal\u00e9ria | Nagykanizsa | Individual guest rooms and apparments\",\"isPartOf\":{\"@id\":\"https:\\\/\\\/www.galeria-panzio.hu\\\/en\\\/#website\"},\"datePublished\":\"2012-03-23T12:32:30+00:00\",\"dateModified\":\"2014-10-29T14:00:47+00:00\",\"description\":\"The Pension has 10 comfortable and individual guest rooms and apparments with kitchen the Pension provides pleasurable environment for 25 guests at one time\",\"breadcrumb\":{\"@id\":\"https:\\\/\\\/www.galeria-panzio.hu\\\/en\\\/gallery\\\/#breadcrumb\"},\"inLanguage\":\"en-US\",\"potentialAction\":[{\"@type\":\"ReadAction\",\"target\":[\"https:\\\/\\\/www.galeria-panzio.hu\\\/en\\\/gallery\\\/\"]}]},{\"@type\":\"BreadcrumbList\",\"@id\":\"https:\\\/\\\/www.galeria-panzio.hu\\\/en\\\/gallery\\\/#breadcrumb\",\"itemListElement\":[{\"@type\":\"ListItem\",\"position\":1,\"name\":\"Home\",\"item\":\"https:\\\/\\\/www.galeria-panzio.hu\\\/en\\\/\"},{\"@type\":\"ListItem\",\"position\":2,\"name\":\"Gallery\"}]},{\"@type\":\"WebSite\",\"@id\":\"https:\\\/\\\/www.galeria-panzio.hu\\\/en\\\/#website\",\"url\":\"https:\\\/\\\/www.galeria-panzio.hu\\\/en\\\/\",\"name\":\"Gal\u00e9ria Panzi\u00f3\",\"description\":\"...egy \u00fajabb Creart Wordpress honlap...\",\"potentialAction\":[{\"@type\":\"SearchAction\",\"target\":{\"@type\":\"EntryPoint\",\"urlTemplate\":\"https:\\\/\\\/www.galeria-panzio.hu\\\/en\\\/?s={search_term_string}\"},\"query-input\":{\"@type\":\"PropertyValueSpecification\",\"valueRequired\":true,\"valueName\":\"search_term_string\"}}],\"inLanguage\":\"en-US\"}]}<\/script>\n<!-- \/ Yoast SEO plugin. -->","yoast_head_json":{"title":"Hotel Gal\u00e9ria | Nagykanizsa | Individual guest rooms and apparments","description":"The Pension has 10 comfortable and individual guest rooms and apparments with kitchen the Pension provides pleasurable environment for 25 guests at one time","robots":{"index":"index","follow":"follow","max-snippet":"max-snippet:-1","max-image-preview":"max-image-preview:large","max-video-preview":"max-video-preview:-1"},"canonical":"https:\/\/www.galeria-panzio.hu\/en\/gallery\/","schema":{"@context":"https:\/\/schema.org","@graph":[{"@type":"WebPage","@id":"https:\/\/www.galeria-panzio.hu\/en\/gallery\/","url":"https:\/\/www.galeria-panzio.hu\/en\/gallery\/","name":"Hotel Gal\u00e9ria | Nagykanizsa | Individual guest rooms and apparments","isPartOf":{"@id":"https:\/\/www.galeria-panzio.hu\/en\/#website"},"datePublished":"2012-03-23T12:32:30+00:00","dateModified":"2014-10-29T14:00:47+00:00","description":"The Pension has 10 comfortable and individual guest rooms and apparments with kitchen the Pension provides pleasurable environment for 25 guests at one time","breadcrumb":{"@id":"https:\/\/www.galeria-panzio.hu\/en\/gallery\/#breadcrumb"},"inLanguage":"en-US","potentialAction":[{"@type":"ReadAction","target":["https:\/\/www.galeria-panzio.hu\/en\/gallery\/"]}]},{"@type":"BreadcrumbList","@id":"https:\/\/www.galeria-panzio.hu\/en\/gallery\/#breadcrumb","itemListElement":[{"@type":"ListItem","position":1,"name":"Home","item":"https:\/\/www.galeria-panzio.hu\/en\/"},{"@type":"ListItem","position":2,"name":"Gallery"}]},{"@type":"WebSite","@id":"https:\/\/www.galeria-panzio.hu\/en\/#website","url":"https:\/\/www.galeria-panzio.hu\/en\/","name":"Gal\u00e9ria Panzi\u00f3","description":"...egy \u00fajabb Creart Wordpress honlap...","potentialAction":[{"@type":"SearchAction","target":{"@type":"EntryPoint","urlTemplate":"https:\/\/www.galeria-panzio.hu\/en\/?s={search_term_string}"},"query-input":{"@type":"PropertyValueSpecification","valueRequired":true,"valueName":"search_term_string"}}],"inLanguage":"en-US"}]}},"_links":{"self":[{"href":"https:\/\/www.galeria-panzio.hu\/en\/wp-json\/wp\/v2\/pages\/87","targetHints":{"allow":["GET"]}}],"collection":[{"href":"https:\/\/www.galeria-panzio.hu\/en\/wp-json\/wp\/v2\/pages"}],"about":[{"href":"https:\/\/www.galeria-panzio.hu\/en\/wp-json\/wp\/v2\/types\/page"}],"author":[{"embeddable":true,"href":"https:\/\/www.galeria-panzio.hu\/en\/wp-json\/wp\/v2\/users\/1"}],"replies":[{"embeddable":true,"href":"https:\/\/www.galeria-panzio.hu\/en\/wp-json\/wp\/v2\/comments?post=87"}],"version-history":[{"count":0,"href":"https:\/\/www.galeria-panzio.hu\/en\/wp-json\/wp\/v2\/pages\/87\/revisions"}],"wp:attachment":[{"href":"https:\/\/www.galeria-panzio.hu\/en\/wp-json\/wp\/v2\/media?parent=87"}],"curies":[{"name":"wp","href":"https:\/\/api.w.org\/{rel}","templated":true}]}}