{"id":85,"date":"2012-03-23T12:32:58","date_gmt":"2012-03-23T12:32:58","guid":{"rendered":"http:\/\/wp.creart.hu\/galeria-panzio\/?page_id=85"},"modified":"2025-06-05T11:11:49","modified_gmt":"2025-06-05T11:11:49","slug":"contact","status":"publish","type":"page","link":"https:\/\/www.galeria-panzio.hu\/en\/contact\/","title":{"rendered":"Contact"},"content":{"rendered":"<p><strong>C\u00edm:<\/strong>\u00a0Hungary, 8800 Nagykanizsa, Kisfaludy S\u00e1ndor u. 29.<\/p>\n<p><strong>GPS:<\/strong>\u00a0N 46,4514\u00b0, E 16,995\u00b0<\/p>\n<p><strong>Telefon:<\/strong>\u00a0+36 (93) 310 767<\/p>\n<p><strong>Fax:<\/strong>\u00a0+36 (93) 325 767<\/p>\n<p><strong>Mobil:<\/strong>\u00a0+36 (30) 288 7711<\/p>\n<p><strong>E-mail:<\/strong>\u00a0<a href=\"mailto:info@galeria-panzio.hu\">info@galeria-panzio.hu<\/a><\/p>\n<p>&nbsp;<\/p>\n<div id=\"map&quot;\"><iframe loading=\"lazy\" style=\"border: 0;\" src=\"https:\/\/www.google.com\/maps\/embed?pb=!1m18!1m12!1m3!1d2748.8514797817734!2d16.992345577560027!3d46.45163977110742!2m3!1f0!2f0!3f0!3m2!1i1024!2i768!4f13.1!3m3!1m2!1s0x4768930bae9573a5%3A0x2c2d4dd427738f98!2sPension%20Gallery!5e0!3m2!1sen!2shu!4v1749120544842!5m2!1sen!2shu\" width=\"100%\" height=\"450\" allowfullscreen=\"allowfullscreen\"><span data-mce-type=\"bookmark\" style=\"display: inline-block; width: 0px; overflow: hidden; line-height: 0;\" class=\"mce_SELRES_start\">\ufeff<\/span><\/iframe><\/div>\n","protected":false},"excerpt":{"rendered":"<p>C\u00edm:\u00a0Hungary, 8800 Nagykanizsa, Kisfaludy S\u00e1ndor u. 29. GPS:\u00a0N 46,4514\u00b0, E 16,995\u00b0 Telefon:\u00a0+36 (93) 310 767 Fax:\u00a0+36 (93) 325 767 Mobil:\u00a0+36 (30) 288 7711 E-mail:\u00a0info@galeria-panzio.hu &nbsp; \ufeff<\/p>\n","protected":false},"author":1,"featured_media":0,"parent":0,"menu_order":0,"comment_status":"closed","ping_status":"closed","template":"","meta":{"footnotes":""},"class_list":["post-85","page","type-page","status-publish","hentry"],"yoast_head":"<!-- This site is optimized with the Yoast SEO plugin v26.7 - https:\/\/yoast.com\/wordpress\/plugins\/seo\/ -->\n<title>Hotel Gal\u00e9ria | Nagykanizsa | Individual guest rooms and apparments<\/title>\n<meta name=\"description\" content=\"The Pension has 10 comfortable and individual guest rooms and apparments with kitchen the Pension provides pleasurable environment for 25 guests at one time\" \/>\n<meta name=\"robots\" content=\"index, follow, max-snippet:-1, max-image-preview:large, max-video-preview:-1\" \/>\n<link rel=\"canonical\" href=\"https:\/\/www.galeria-panzio.hu\/en\/contact\/\" \/>\n<meta name=\"twitter:label1\" content=\"Est. reading time\" \/>\n\t<meta name=\"twitter:data1\" content=\"1 minute\" \/>\n<script type=\"application\/ld+json\" class=\"yoast-schema-graph\">{\"@context\":\"https:\/\/schema.org\",\"@graph\":[{\"@type\":\"WebPage\",\"@id\":\"https:\/\/www.galeria-panzio.hu\/en\/contact\/\",\"url\":\"https:\/\/www.galeria-panzio.hu\/en\/contact\/\",\"name\":\"Hotel Gal\u00e9ria | Nagykanizsa | Individual guest rooms and apparments\",\"isPartOf\":{\"@id\":\"https:\/\/www.galeria-panzio.hu\/en\/#website\"},\"datePublished\":\"2012-03-23T12:32:58+00:00\",\"dateModified\":\"2025-06-05T11:11:49+00:00\",\"description\":\"The Pension has 10 comfortable and individual guest rooms and apparments with kitchen the Pension provides pleasurable environment for 25 guests at one time\",\"breadcrumb\":{\"@id\":\"https:\/\/www.galeria-panzio.hu\/en\/contact\/#breadcrumb\"},\"inLanguage\":\"en-US\",\"potentialAction\":[{\"@type\":\"ReadAction\",\"target\":[\"https:\/\/www.galeria-panzio.hu\/en\/contact\/\"]}]},{\"@type\":\"BreadcrumbList\",\"@id\":\"https:\/\/www.galeria-panzio.hu\/en\/contact\/#breadcrumb\",\"itemListElement\":[{\"@type\":\"ListItem\",\"position\":1,\"name\":\"Home\",\"item\":\"https:\/\/www.galeria-panzio.hu\/en\/\"},{\"@type\":\"ListItem\",\"position\":2,\"name\":\"Contact\"}]},{\"@type\":\"WebSite\",\"@id\":\"https:\/\/www.galeria-panzio.hu\/en\/#website\",\"url\":\"https:\/\/www.galeria-panzio.hu\/en\/\",\"name\":\"Gal\u00e9ria Panzi\u00f3\",\"description\":\"...egy \u00fajabb Creart Wordpress honlap...\",\"potentialAction\":[{\"@type\":\"SearchAction\",\"target\":{\"@type\":\"EntryPoint\",\"urlTemplate\":\"https:\/\/www.galeria-panzio.hu\/en\/?s={search_term_string}\"},\"query-input\":{\"@type\":\"PropertyValueSpecification\",\"valueRequired\":true,\"valueName\":\"search_term_string\"}}],\"inLanguage\":\"en-US\"}]}<\/script>\n<!-- \/ Yoast SEO plugin. -->","yoast_head_json":{"title":"Hotel Gal\u00e9ria | Nagykanizsa | Individual guest rooms and apparments","description":"The Pension has 10 comfortable and individual guest rooms and apparments with kitchen the Pension provides pleasurable environment for 25 guests at one time","robots":{"index":"index","follow":"follow","max-snippet":"max-snippet:-1","max-image-preview":"max-image-preview:large","max-video-preview":"max-video-preview:-1"},"canonical":"https:\/\/www.galeria-panzio.hu\/en\/contact\/","twitter_misc":{"Est. reading time":"1 minute"},"schema":{"@context":"https:\/\/schema.org","@graph":[{"@type":"WebPage","@id":"https:\/\/www.galeria-panzio.hu\/en\/contact\/","url":"https:\/\/www.galeria-panzio.hu\/en\/contact\/","name":"Hotel Gal\u00e9ria | Nagykanizsa | Individual guest rooms and apparments","isPartOf":{"@id":"https:\/\/www.galeria-panzio.hu\/en\/#website"},"datePublished":"2012-03-23T12:32:58+00:00","dateModified":"2025-06-05T11:11:49+00:00","description":"The Pension has 10 comfortable and individual guest rooms and apparments with kitchen the Pension provides pleasurable environment for 25 guests at one time","breadcrumb":{"@id":"https:\/\/www.galeria-panzio.hu\/en\/contact\/#breadcrumb"},"inLanguage":"en-US","potentialAction":[{"@type":"ReadAction","target":["https:\/\/www.galeria-panzio.hu\/en\/contact\/"]}]},{"@type":"BreadcrumbList","@id":"https:\/\/www.galeria-panzio.hu\/en\/contact\/#breadcrumb","itemListElement":[{"@type":"ListItem","position":1,"name":"Home","item":"https:\/\/www.galeria-panzio.hu\/en\/"},{"@type":"ListItem","position":2,"name":"Contact"}]},{"@type":"WebSite","@id":"https:\/\/www.galeria-panzio.hu\/en\/#website","url":"https:\/\/www.galeria-panzio.hu\/en\/","name":"Gal\u00e9ria Panzi\u00f3","description":"...egy \u00fajabb Creart Wordpress honlap...","potentialAction":[{"@type":"SearchAction","target":{"@type":"EntryPoint","urlTemplate":"https:\/\/www.galeria-panzio.hu\/en\/?s={search_term_string}"},"query-input":{"@type":"PropertyValueSpecification","valueRequired":true,"valueName":"search_term_string"}}],"inLanguage":"en-US"}]}},"_links":{"self":[{"href":"https:\/\/www.galeria-panzio.hu\/en\/wp-json\/wp\/v2\/pages\/85","targetHints":{"allow":["GET"]}}],"collection":[{"href":"https:\/\/www.galeria-panzio.hu\/en\/wp-json\/wp\/v2\/pages"}],"about":[{"href":"https:\/\/www.galeria-panzio.hu\/en\/wp-json\/wp\/v2\/types\/page"}],"author":[{"embeddable":true,"href":"https:\/\/www.galeria-panzio.hu\/en\/wp-json\/wp\/v2\/users\/1"}],"replies":[{"embeddable":true,"href":"https:\/\/www.galeria-panzio.hu\/en\/wp-json\/wp\/v2\/comments?post=85"}],"version-history":[{"count":0,"href":"https:\/\/www.galeria-panzio.hu\/en\/wp-json\/wp\/v2\/pages\/85\/revisions"}],"wp:attachment":[{"href":"https:\/\/www.galeria-panzio.hu\/en\/wp-json\/wp\/v2\/media?parent=85"}],"curies":[{"name":"wp","href":"https:\/\/api.w.org\/{rel}","templated":true}]}}