{"id":83,"date":"2012-03-23T12:32:46","date_gmt":"2012-03-23T12:32:46","guid":{"rendered":"http:\/\/wp.creart.hu\/galeria-panzio\/?page_id=83"},"modified":"2014-10-29T14:00:47","modified_gmt":"2014-10-29T14:00:47","slug":"recreational-facilities","status":"publish","type":"page","link":"https:\/\/www.galeria-panzio.hu\/en\/recreational-facilities\/","title":{"rendered":"Recreational facilities"},"content":{"rendered":"<div id=\"video_container\">\n<div id=\"video\" style=\"width:320px; height:275px; background-color:#000;\"><a class=\"media {width:320, height:275}\" href=\"http:\/\/wp.creart.hu\/wp-content\/themes\/galeria-panzio\/media\/01_500.wmv\"><\/a><\/div>\n<div id=\"video_text\">\n<h1>Nagykanizsa<\/h1>\n<p><a class=\"titlelink\" href=\"http:\/\/www.mtv.hu\" target=\"_blank\">MTV F\u0151t\u00e9r 29 March 2009<\/a><\/p>\n<p><strong>MTV (Hungarian TV channel), F\u0151t\u00e9r<\/strong> program introduced our town and demonstrated the most interesting places to visit.<\/p>\n<p>If you cought the fancy of it, do not wait\u00a0<a title=\"Rooms\" href=\"http:\/\/wp.creart.hu\/galeria-panzio\/en\/rooms\/\">book your accomodation now<\/a>\u00a0and visit all the nice sights of our friendly town.<\/p>\n<\/div>\n<\/div>\n<h2>Walk in Nagykanizsa<\/h2>\n<p><a href=\"https:\/\/www.galeria-panzio.hu\/files\/535681088_7464ed1ad4.jpg\" title=\"Recreational facilities\" rel=\"gallery-83\"><img loading=\"lazy\" decoding=\"async\" width=\"248\" height=\"148\" src=\"https:\/\/www.galeria-panzio.hu\/files\/535681088_7464ed1ad4-248x148.jpg\" class=\"floatright\" alt=\"\" title=\"\" srcset=\"https:\/\/www.galeria-panzio.hu\/files\/535681088_7464ed1ad4-248x148.jpg 248w, https:\/\/www.galeria-panzio.hu\/files\/535681088_7464ed1ad4-200x120.jpg 200w\" sizes=\"auto, (max-width: 248px) 100vw, 248px\" \/><\/a><a href=\"https:\/\/www.galeria-panzio.hu\/files\/534358701_97cc607f52.jpg\" title=\"Recreational facilities\" rel=\"gallery-83\"><\/a><a href=\"https:\/\/www.galeria-panzio.hu\/files\/534358511_66c0837662.jpg\" title=\"Recreational facilities\" rel=\"gallery-83\"><\/a><a href=\"https:\/\/www.galeria-panzio.hu\/files\/535795933_89b505ee37.jpg\" title=\"Recreational facilities\" rel=\"gallery-83\"><\/a><a href=\"https:\/\/www.galeria-panzio.hu\/files\/1278318706_e916b623ae.jpg\" title=\"Recreational facilities\" rel=\"gallery-83\"><\/a><a href=\"https:\/\/www.galeria-panzio.hu\/files\/2155370645_936ec48973.jpg\" title=\"Recreational facilities\" rel=\"gallery-83\"><\/a><a href=\"https:\/\/www.galeria-panzio.hu\/files\/538298982_ae5ec29621.jpg\" title=\"Recreational facilities\" rel=\"gallery-83\"><\/a><a href=\"https:\/\/www.galeria-panzio.hu\/files\/1277449981_8116ce38d8.jpg\" title=\"Recreational facilities\" rel=\"gallery-83\"><\/a><a href=\"https:\/\/www.galeria-panzio.hu\/files\/2171600414_69099acb90.jpg\" title=\"Recreational facilities\" rel=\"gallery-83\"><\/a>Meet Nagykanizsa, with its historical streets, green squares, parks, and its statues that lived hard times. Take a walk in the centre, resting a little in the shade of trees, and marvel at the details, the town&#8217;s beauty. Do not mis the Lower Town Church, built between 1702-14 from the bricks of the castle, baroque style. Before you wonder at the statues, the main altar painted in 1770, throw a glance at the front. Suprised? It was carved from a Turkish tombstone.<\/p>\n<p>The stones and bricks of the castle were also used to build the so-called Quarters House in 1740, the robust building still reminiscent of a fortress. It used to be the largest inn of the Transdanubia. The Ironman House, which has become a symbol of town, was built in baroque style by a landlord in the middle of the 18th century. Its name comes from the armoured soldier standing on the facade of the building, once it was the sign of a hardware store.<\/p>\n<p>Strolling in the centre mostly you can admire palaces built in the second half of the 19th century. Teir ground floors used to accomodate trading houses, banks, while on the upper floors lived the more and more well-off citizens.<\/p>\n<h2>Important sights<\/h2>\n\r\n    <div id=\"map\" style=\"width:628px;height:350px;\"><\/div>\r\n\t\r\n    \r\n\r\n    <script type=\"text\/javascript\">\r\n\r\n\t\tvar latlng = new google.maps.LatLng(46.452406, 17.010612);\r\n\t\tvar myOptions = {\r\n\t\t\tzoom: 14,\r\n\t\t\tcenter: latlng,\r\n\t\t\tscrollwheel: false,\r\n\t\t\tscaleControl: false,\r\n\t\t\tdisableDefaultUI: false,\r\n\t\t\tmapTypeId: google.maps.MapTypeId.ROADMAP\r\n\t\t};\r\n\t\tvar map = new google.maps.Map(document.getElementById(\"map\"),\r\n\t\tmyOptions);\r\n\t\t\r\n\t\t\t\tvar kmlLayerOptions = {preserveViewport:true};\r\n\t\t\t\t\r\n\t\t\tvar kmllayer = new google.maps.KmlLayer('http:\/\/maps.google.hu\/maps\/ms?authuser=0&vps=2&ie=UTF8&msa=0&output=kml&msid=208088370642966604056.0004bc7681d2df22e74bf',kmlLayerOptions);\r\n\t\t\tkmllayer.setMap(map);\r\n\t\t\t<\/script>\n<p>&nbsp;<\/p>\n<h2><\/h2>\n","protected":false},"excerpt":{"rendered":"<p>Nagykanizsa MTV F\u0151t\u00e9r 29 March 2009 MTV (Hungarian TV channel), F\u0151t\u00e9r program introduced our town and demonstrated the most interesting places to visit. If you cought the fancy of it, do not wait\u00a0book your accomodation now\u00a0and visit all the nice sights of our friendly town. Walk in Nagykanizsa Meet Nagykanizsa, with its historical streets, green [&hellip;]<\/p>\n","protected":false},"author":1,"featured_media":0,"parent":0,"menu_order":0,"comment_status":"closed","ping_status":"closed","template":"","meta":{"footnotes":""},"class_list":["post-83","page","type-page","status-publish","hentry"],"yoast_head":"<!-- This site is optimized with the Yoast SEO plugin v26.7 - https:\/\/yoast.com\/wordpress\/plugins\/seo\/ -->\n<title>Hotel Gal\u00e9ria | Nagykanizsa | Individual guest rooms and apparments<\/title>\n<meta name=\"description\" content=\"The Pension has 10 comfortable and individual guest rooms and apparments with kitchen the Pension provides pleasurable environment for 25 guests at one time\" \/>\n<meta name=\"robots\" content=\"index, follow, max-snippet:-1, max-image-preview:large, max-video-preview:-1\" \/>\n<link rel=\"canonical\" href=\"https:\/\/www.galeria-panzio.hu\/en\/recreational-facilities\/\" \/>\n<meta name=\"twitter:label1\" content=\"Est. reading time\" \/>\n\t<meta name=\"twitter:data1\" content=\"2 minutes\" \/>\n<script type=\"application\/ld+json\" class=\"yoast-schema-graph\">{\"@context\":\"https:\/\/schema.org\",\"@graph\":[{\"@type\":\"WebPage\",\"@id\":\"https:\/\/www.galeria-panzio.hu\/en\/recreational-facilities\/\",\"url\":\"https:\/\/www.galeria-panzio.hu\/en\/recreational-facilities\/\",\"name\":\"Hotel Gal\u00e9ria | Nagykanizsa | Individual guest rooms and apparments\",\"isPartOf\":{\"@id\":\"https:\/\/www.galeria-panzio.hu\/en\/#website\"},\"datePublished\":\"2012-03-23T12:32:46+00:00\",\"dateModified\":\"2014-10-29T14:00:47+00:00\",\"description\":\"The Pension has 10 comfortable and individual guest rooms and apparments with kitchen the Pension provides pleasurable environment for 25 guests at one time\",\"breadcrumb\":{\"@id\":\"https:\/\/www.galeria-panzio.hu\/en\/recreational-facilities\/#breadcrumb\"},\"inLanguage\":\"en-US\",\"potentialAction\":[{\"@type\":\"ReadAction\",\"target\":[\"https:\/\/www.galeria-panzio.hu\/en\/recreational-facilities\/\"]}]},{\"@type\":\"BreadcrumbList\",\"@id\":\"https:\/\/www.galeria-panzio.hu\/en\/recreational-facilities\/#breadcrumb\",\"itemListElement\":[{\"@type\":\"ListItem\",\"position\":1,\"name\":\"Home\",\"item\":\"https:\/\/www.galeria-panzio.hu\/en\/\"},{\"@type\":\"ListItem\",\"position\":2,\"name\":\"Recreational facilities\"}]},{\"@type\":\"WebSite\",\"@id\":\"https:\/\/www.galeria-panzio.hu\/en\/#website\",\"url\":\"https:\/\/www.galeria-panzio.hu\/en\/\",\"name\":\"Gal\u00e9ria Panzi\u00f3\",\"description\":\"...egy \u00fajabb Creart Wordpress honlap...\",\"potentialAction\":[{\"@type\":\"SearchAction\",\"target\":{\"@type\":\"EntryPoint\",\"urlTemplate\":\"https:\/\/www.galeria-panzio.hu\/en\/?s={search_term_string}\"},\"query-input\":{\"@type\":\"PropertyValueSpecification\",\"valueRequired\":true,\"valueName\":\"search_term_string\"}}],\"inLanguage\":\"en-US\"}]}<\/script>\n<!-- \/ Yoast SEO plugin. -->","yoast_head_json":{"title":"Hotel Gal\u00e9ria | Nagykanizsa | Individual guest rooms and apparments","description":"The Pension has 10 comfortable and individual guest rooms and apparments with kitchen the Pension provides pleasurable environment for 25 guests at one time","robots":{"index":"index","follow":"follow","max-snippet":"max-snippet:-1","max-image-preview":"max-image-preview:large","max-video-preview":"max-video-preview:-1"},"canonical":"https:\/\/www.galeria-panzio.hu\/en\/recreational-facilities\/","twitter_misc":{"Est. reading time":"2 minutes"},"schema":{"@context":"https:\/\/schema.org","@graph":[{"@type":"WebPage","@id":"https:\/\/www.galeria-panzio.hu\/en\/recreational-facilities\/","url":"https:\/\/www.galeria-panzio.hu\/en\/recreational-facilities\/","name":"Hotel Gal\u00e9ria | Nagykanizsa | Individual guest rooms and apparments","isPartOf":{"@id":"https:\/\/www.galeria-panzio.hu\/en\/#website"},"datePublished":"2012-03-23T12:32:46+00:00","dateModified":"2014-10-29T14:00:47+00:00","description":"The Pension has 10 comfortable and individual guest rooms and apparments with kitchen the Pension provides pleasurable environment for 25 guests at one time","breadcrumb":{"@id":"https:\/\/www.galeria-panzio.hu\/en\/recreational-facilities\/#breadcrumb"},"inLanguage":"en-US","potentialAction":[{"@type":"ReadAction","target":["https:\/\/www.galeria-panzio.hu\/en\/recreational-facilities\/"]}]},{"@type":"BreadcrumbList","@id":"https:\/\/www.galeria-panzio.hu\/en\/recreational-facilities\/#breadcrumb","itemListElement":[{"@type":"ListItem","position":1,"name":"Home","item":"https:\/\/www.galeria-panzio.hu\/en\/"},{"@type":"ListItem","position":2,"name":"Recreational facilities"}]},{"@type":"WebSite","@id":"https:\/\/www.galeria-panzio.hu\/en\/#website","url":"https:\/\/www.galeria-panzio.hu\/en\/","name":"Gal\u00e9ria Panzi\u00f3","description":"...egy \u00fajabb Creart Wordpress honlap...","potentialAction":[{"@type":"SearchAction","target":{"@type":"EntryPoint","urlTemplate":"https:\/\/www.galeria-panzio.hu\/en\/?s={search_term_string}"},"query-input":{"@type":"PropertyValueSpecification","valueRequired":true,"valueName":"search_term_string"}}],"inLanguage":"en-US"}]}},"_links":{"self":[{"href":"https:\/\/www.galeria-panzio.hu\/en\/wp-json\/wp\/v2\/pages\/83","targetHints":{"allow":["GET"]}}],"collection":[{"href":"https:\/\/www.galeria-panzio.hu\/en\/wp-json\/wp\/v2\/pages"}],"about":[{"href":"https:\/\/www.galeria-panzio.hu\/en\/wp-json\/wp\/v2\/types\/page"}],"author":[{"embeddable":true,"href":"https:\/\/www.galeria-panzio.hu\/en\/wp-json\/wp\/v2\/users\/1"}],"replies":[{"embeddable":true,"href":"https:\/\/www.galeria-panzio.hu\/en\/wp-json\/wp\/v2\/comments?post=83"}],"version-history":[{"count":0,"href":"https:\/\/www.galeria-panzio.hu\/en\/wp-json\/wp\/v2\/pages\/83\/revisions"}],"wp:attachment":[{"href":"https:\/\/www.galeria-panzio.hu\/en\/wp-json\/wp\/v2\/media?parent=83"}],"curies":[{"name":"wp","href":"https:\/\/api.w.org\/{rel}","templated":true}]}}