{"id":80,"date":"2012-03-23T12:32:20","date_gmt":"2012-03-23T12:32:20","guid":{"rendered":"http:\/\/wp.creart.hu\/galeria-panzio\/?page_id=80"},"modified":"2019-06-14T14:46:50","modified_gmt":"2019-06-14T14:46:50","slug":"services","status":"publish","type":"page","link":"https:\/\/www.galeria-panzio.hu\/en\/services\/","title":{"rendered":"Services"},"content":{"rendered":"<p>In our 10 comfortable and individual guest rooms and apparments with kitchen the Pension provides pleasurable environment for 25 guests at one time.\u00a0The rooms are well equipped and reflect the snug atmosphere of the whole house.<\/p>\n<p><strong><strong><a href=\"https:\/\/www.galeria-panzio.hu\/files\/IMG-3817.jpg\" title=\"Services\" rel=\"gallery-80\"><img loading=\"lazy\" decoding=\"async\" width=\"200\" height=\"150\" src=\"https:\/\/www.galeria-panzio.hu\/files\/IMG-3817-200x150.jpg\" class=\"floatright\" alt=\"\" title=\"\" \/><\/a><a href=\"https:\/\/www.galeria-panzio.hu\/files\/IMG-3818.jpg\" title=\"Services\" rel=\"gallery-80\"><\/a><a href=\"https:\/\/www.galeria-panzio.hu\/files\/IMG-3820.jpg\" title=\"Services\" rel=\"gallery-80\"><\/a><a href=\"https:\/\/www.galeria-panzio.hu\/files\/IMG-3797.jpg\" title=\"Services\" rel=\"gallery-80\"><\/a><\/strong>Facilities:<\/strong><\/p>\n<ul>\n<li>Internet, (wireless)<\/li>\n<li>Television, Radio<\/li>\n<li>Non-smoking rooms<\/li>\n<li>Air condition<\/li>\n<li>Tub in the bath<\/li>\n<\/ul>\n<p>Other services: parking in garden plot, free safe, hair drier, wake up alarm, laundry, magnet card key to the gate.<\/p>\n<p class=\"banner pet\">No worries if you have a pet,<br \/>\nyou can bring with you.<\/p>\n<h1>Other information:<\/h1>\n<p><strong>Arrival:<\/strong>\u00a02-8 pm, (in case of late arrival please inform us in advance)<br \/>\n<strong>Leaving:<\/strong> 10 am, (if you wish to stay longer please inform us in advance)<br \/>\n<strong>Breakfast:<\/strong>\u00a07-9 am, continental or warm breakfast<\/p>\n","protected":false},"excerpt":{"rendered":"<p>In our 10 comfortable and individual guest rooms and apparments with kitchen the Pension provides pleasurable environment for 25 guests at one time.\u00a0The rooms are well equipped and reflect the snug atmosphere of the whole house. Facilities: Internet, (wireless) Television, Radio Non-smoking rooms Air condition Tub in the bath Other services: parking in garden plot, [&hellip;]<\/p>\n","protected":false},"author":1,"featured_media":0,"parent":0,"menu_order":0,"comment_status":"closed","ping_status":"closed","template":"","meta":{"footnotes":""},"class_list":["post-80","page","type-page","status-publish","hentry"],"yoast_head":"<!-- This site is optimized with the Yoast SEO plugin v26.7 - https:\/\/yoast.com\/wordpress\/plugins\/seo\/ -->\n<title>Hotel Gal\u00e9ria | Nagykanizsa | Individual guest rooms and apparments<\/title>\n<meta name=\"description\" content=\"The Pension has 10 comfortable and individual guest rooms and apparments with kitchen the Pension provides pleasurable environment for 25 guests at one time\" \/>\n<meta name=\"robots\" content=\"index, follow, max-snippet:-1, max-image-preview:large, max-video-preview:-1\" \/>\n<link rel=\"canonical\" href=\"https:\/\/www.galeria-panzio.hu\/en\/services\/\" \/>\n<meta name=\"twitter:label1\" content=\"Est. reading time\" \/>\n\t<meta name=\"twitter:data1\" content=\"1 minute\" \/>\n<script type=\"application\/ld+json\" class=\"yoast-schema-graph\">{\"@context\":\"https:\/\/schema.org\",\"@graph\":[{\"@type\":\"WebPage\",\"@id\":\"https:\/\/www.galeria-panzio.hu\/en\/services\/\",\"url\":\"https:\/\/www.galeria-panzio.hu\/en\/services\/\",\"name\":\"Hotel Gal\u00e9ria | Nagykanizsa | Individual guest rooms and apparments\",\"isPartOf\":{\"@id\":\"https:\/\/www.galeria-panzio.hu\/en\/#website\"},\"datePublished\":\"2012-03-23T12:32:20+00:00\",\"dateModified\":\"2019-06-14T14:46:50+00:00\",\"description\":\"The Pension has 10 comfortable and individual guest rooms and apparments with kitchen the Pension provides pleasurable environment for 25 guests at one time\",\"breadcrumb\":{\"@id\":\"https:\/\/www.galeria-panzio.hu\/en\/services\/#breadcrumb\"},\"inLanguage\":\"en-US\",\"potentialAction\":[{\"@type\":\"ReadAction\",\"target\":[\"https:\/\/www.galeria-panzio.hu\/en\/services\/\"]}]},{\"@type\":\"BreadcrumbList\",\"@id\":\"https:\/\/www.galeria-panzio.hu\/en\/services\/#breadcrumb\",\"itemListElement\":[{\"@type\":\"ListItem\",\"position\":1,\"name\":\"Home\",\"item\":\"https:\/\/www.galeria-panzio.hu\/en\/\"},{\"@type\":\"ListItem\",\"position\":2,\"name\":\"Services\"}]},{\"@type\":\"WebSite\",\"@id\":\"https:\/\/www.galeria-panzio.hu\/en\/#website\",\"url\":\"https:\/\/www.galeria-panzio.hu\/en\/\",\"name\":\"Gal\u00e9ria Panzi\u00f3\",\"description\":\"...egy \u00fajabb Creart Wordpress honlap...\",\"potentialAction\":[{\"@type\":\"SearchAction\",\"target\":{\"@type\":\"EntryPoint\",\"urlTemplate\":\"https:\/\/www.galeria-panzio.hu\/en\/?s={search_term_string}\"},\"query-input\":{\"@type\":\"PropertyValueSpecification\",\"valueRequired\":true,\"valueName\":\"search_term_string\"}}],\"inLanguage\":\"en-US\"}]}<\/script>\n<!-- \/ Yoast SEO plugin. -->","yoast_head_json":{"title":"Hotel Gal\u00e9ria | Nagykanizsa | Individual guest rooms and apparments","description":"The Pension has 10 comfortable and individual guest rooms and apparments with kitchen the Pension provides pleasurable environment for 25 guests at one time","robots":{"index":"index","follow":"follow","max-snippet":"max-snippet:-1","max-image-preview":"max-image-preview:large","max-video-preview":"max-video-preview:-1"},"canonical":"https:\/\/www.galeria-panzio.hu\/en\/services\/","twitter_misc":{"Est. reading time":"1 minute"},"schema":{"@context":"https:\/\/schema.org","@graph":[{"@type":"WebPage","@id":"https:\/\/www.galeria-panzio.hu\/en\/services\/","url":"https:\/\/www.galeria-panzio.hu\/en\/services\/","name":"Hotel Gal\u00e9ria | Nagykanizsa | Individual guest rooms and apparments","isPartOf":{"@id":"https:\/\/www.galeria-panzio.hu\/en\/#website"},"datePublished":"2012-03-23T12:32:20+00:00","dateModified":"2019-06-14T14:46:50+00:00","description":"The Pension has 10 comfortable and individual guest rooms and apparments with kitchen the Pension provides pleasurable environment for 25 guests at one time","breadcrumb":{"@id":"https:\/\/www.galeria-panzio.hu\/en\/services\/#breadcrumb"},"inLanguage":"en-US","potentialAction":[{"@type":"ReadAction","target":["https:\/\/www.galeria-panzio.hu\/en\/services\/"]}]},{"@type":"BreadcrumbList","@id":"https:\/\/www.galeria-panzio.hu\/en\/services\/#breadcrumb","itemListElement":[{"@type":"ListItem","position":1,"name":"Home","item":"https:\/\/www.galeria-panzio.hu\/en\/"},{"@type":"ListItem","position":2,"name":"Services"}]},{"@type":"WebSite","@id":"https:\/\/www.galeria-panzio.hu\/en\/#website","url":"https:\/\/www.galeria-panzio.hu\/en\/","name":"Gal\u00e9ria Panzi\u00f3","description":"...egy \u00fajabb Creart Wordpress honlap...","potentialAction":[{"@type":"SearchAction","target":{"@type":"EntryPoint","urlTemplate":"https:\/\/www.galeria-panzio.hu\/en\/?s={search_term_string}"},"query-input":{"@type":"PropertyValueSpecification","valueRequired":true,"valueName":"search_term_string"}}],"inLanguage":"en-US"}]}},"_links":{"self":[{"href":"https:\/\/www.galeria-panzio.hu\/en\/wp-json\/wp\/v2\/pages\/80","targetHints":{"allow":["GET"]}}],"collection":[{"href":"https:\/\/www.galeria-panzio.hu\/en\/wp-json\/wp\/v2\/pages"}],"about":[{"href":"https:\/\/www.galeria-panzio.hu\/en\/wp-json\/wp\/v2\/types\/page"}],"author":[{"embeddable":true,"href":"https:\/\/www.galeria-panzio.hu\/en\/wp-json\/wp\/v2\/users\/1"}],"replies":[{"embeddable":true,"href":"https:\/\/www.galeria-panzio.hu\/en\/wp-json\/wp\/v2\/comments?post=80"}],"version-history":[{"count":0,"href":"https:\/\/www.galeria-panzio.hu\/en\/wp-json\/wp\/v2\/pages\/80\/revisions"}],"wp:attachment":[{"href":"https:\/\/www.galeria-panzio.hu\/en\/wp-json\/wp\/v2\/media?parent=80"}],"curies":[{"name":"wp","href":"https:\/\/api.w.org\/{rel}","templated":true}]}}