{"id":17,"date":"2012-03-23T12:31:47","date_gmt":"2012-03-23T12:31:47","guid":{"rendered":"http:\/\/wp.creart.hu\/galeria-panzio\/?page_id=17"},"modified":"2014-10-29T14:00:47","modified_gmt":"2014-10-29T14:00:47","slug":"pension","status":"publish","type":"page","link":"https:\/\/www.galeria-panzio.hu\/en\/","title":{"rendered":"Hotel"},"content":{"rendered":"<h1>Welcome to Hotel Gal\u00e9ria!<\/h1>\n<p><a href=\"https:\/\/www.galeria-panzio.hu\/files\/pension_01.jpg\" title=\"Hotel\" rel=\"gallery-17\"><img loading=\"lazy\" decoding=\"async\" width=\"248\" height=\"148\" src=\"https:\/\/www.galeria-panzio.hu\/files\/pension_01-248x148.jpg\" class=\"floatright\" alt=\"\" title=\"\" srcset=\"https:\/\/www.galeria-panzio.hu\/files\/pension_01-248x148.jpg 248w, https:\/\/www.galeria-panzio.hu\/files\/pension_01-200x120.jpg 200w\" sizes=\"auto, (max-width: 248px) 100vw, 248px\" \/><\/a><a href=\"https:\/\/www.galeria-panzio.hu\/files\/pension_05.jpg\" title=\"Hotel\" rel=\"gallery-17\"><\/a><a href=\"https:\/\/www.galeria-panzio.hu\/files\/pension_04.jpg\" title=\"Hotel\" rel=\"gallery-17\"><\/a><a href=\"https:\/\/www.galeria-panzio.hu\/files\/pension_03.jpg\" title=\"Hotel\" rel=\"gallery-17\"><\/a><a href=\"https:\/\/www.galeria-panzio.hu\/files\/pension_02.jpg\" title=\"Hotel\" rel=\"gallery-17\"><\/a>The pension is 5 minutes walk from the centre of Nagykanizsa, located in green area, but is also easy to reach from the main road and the highway M7. With the special architectural features and rattan furnished stlylish inside the Pension has been designed to create a modern, but familiar and homely accomodation.<br \/>\nThe name\u00a0<strong>Galeria<\/strong>\u00a0is comming from the berth of the rooms and also from our love and commitment about art.<\/p>\n<p>In our <a title=\"Rooms\" href=\"http:\/\/wp.creart.hu\/galeria-panzio\/en\/rooms\/\">10 comfortable and individual guest rooms and apparments<\/a> with kitchen we provide pleasurable environment for 25 guests at one time. Our Pension is popular among business guests, tourists and travellers as well, because of our excellent hospitality.<\/p>\n<p class=\"banner pension\">Snug, Art, Kindness<\/p>\n","protected":false},"excerpt":{"rendered":"<p>Welcome to Hotel Gal\u00e9ria! The pension is 5 minutes walk from the centre of Nagykanizsa, located in green area, but is also easy to reach from the main road and the highway M7. With the special architectural features and rattan furnished stlylish inside the Pension has been designed to create a modern, but familiar and [&hellip;]<\/p>\n","protected":false},"author":1,"featured_media":0,"parent":0,"menu_order":0,"comment_status":"closed","ping_status":"closed","template":"","meta":{"footnotes":""},"class_list":["post-17","page","type-page","status-publish","hentry"],"yoast_head":"<!-- This site is optimized with the Yoast SEO plugin v26.7 - https:\/\/yoast.com\/wordpress\/plugins\/seo\/ -->\n<title>Hotel Gal\u00e9ria | Nagykanizsa | Individual guest rooms and apparments<\/title>\n<meta name=\"description\" content=\"In our 10 comfortable and individual guest rooms and apparments with kitchen we provide pleasurable environment for 25 guests at one time.\" \/>\n<meta name=\"robots\" content=\"index, follow, max-snippet:-1, max-image-preview:large, max-video-preview:-1\" \/>\n<link rel=\"canonical\" href=\"https:\/\/www.galeria-panzio.hu\/en\/\" \/>\n<meta name=\"twitter:label1\" content=\"Est. reading time\" \/>\n\t<meta name=\"twitter:data1\" content=\"1 minute\" \/>\n<script type=\"application\/ld+json\" class=\"yoast-schema-graph\">{\"@context\":\"https:\/\/schema.org\",\"@graph\":[{\"@type\":\"WebPage\",\"@id\":\"https:\/\/www.galeria-panzio.hu\/en\/\",\"url\":\"https:\/\/www.galeria-panzio.hu\/en\/\",\"name\":\"Hotel Gal\u00e9ria | Nagykanizsa | Individual guest rooms and apparments\",\"isPartOf\":{\"@id\":\"https:\/\/www.galeria-panzio.hu\/en\/#website\"},\"datePublished\":\"2012-03-23T12:31:47+00:00\",\"dateModified\":\"2014-10-29T14:00:47+00:00\",\"description\":\"In our 10 comfortable and individual guest rooms and apparments with kitchen we provide pleasurable environment for 25 guests at one time.\",\"breadcrumb\":{\"@id\":\"https:\/\/www.galeria-panzio.hu\/en\/#breadcrumb\"},\"inLanguage\":\"en-US\",\"potentialAction\":[{\"@type\":\"ReadAction\",\"target\":[\"https:\/\/www.galeria-panzio.hu\/en\/\"]}]},{\"@type\":\"BreadcrumbList\",\"@id\":\"https:\/\/www.galeria-panzio.hu\/en\/#breadcrumb\",\"itemListElement\":[{\"@type\":\"ListItem\",\"position\":1,\"name\":\"Home\",\"item\":\"https:\/\/www.galeria-panzio.hu\/en\/\"},{\"@type\":\"ListItem\",\"position\":2,\"name\":\"Hotel\"}]},{\"@type\":\"WebSite\",\"@id\":\"https:\/\/www.galeria-panzio.hu\/en\/#website\",\"url\":\"https:\/\/www.galeria-panzio.hu\/en\/\",\"name\":\"Gal\u00e9ria Panzi\u00f3\",\"description\":\"...egy \u00fajabb Creart Wordpress honlap...\",\"potentialAction\":[{\"@type\":\"SearchAction\",\"target\":{\"@type\":\"EntryPoint\",\"urlTemplate\":\"https:\/\/www.galeria-panzio.hu\/en\/?s={search_term_string}\"},\"query-input\":{\"@type\":\"PropertyValueSpecification\",\"valueRequired\":true,\"valueName\":\"search_term_string\"}}],\"inLanguage\":\"en-US\"}]}<\/script>\n<!-- \/ Yoast SEO plugin. -->","yoast_head_json":{"title":"Hotel Gal\u00e9ria | Nagykanizsa | Individual guest rooms and apparments","description":"In our 10 comfortable and individual guest rooms and apparments with kitchen we provide pleasurable environment for 25 guests at one time.","robots":{"index":"index","follow":"follow","max-snippet":"max-snippet:-1","max-image-preview":"max-image-preview:large","max-video-preview":"max-video-preview:-1"},"canonical":"https:\/\/www.galeria-panzio.hu\/en\/","twitter_misc":{"Est. reading time":"1 minute"},"schema":{"@context":"https:\/\/schema.org","@graph":[{"@type":"WebPage","@id":"https:\/\/www.galeria-panzio.hu\/en\/","url":"https:\/\/www.galeria-panzio.hu\/en\/","name":"Hotel Gal\u00e9ria | Nagykanizsa | Individual guest rooms and apparments","isPartOf":{"@id":"https:\/\/www.galeria-panzio.hu\/en\/#website"},"datePublished":"2012-03-23T12:31:47+00:00","dateModified":"2014-10-29T14:00:47+00:00","description":"In our 10 comfortable and individual guest rooms and apparments with kitchen we provide pleasurable environment for 25 guests at one time.","breadcrumb":{"@id":"https:\/\/www.galeria-panzio.hu\/en\/#breadcrumb"},"inLanguage":"en-US","potentialAction":[{"@type":"ReadAction","target":["https:\/\/www.galeria-panzio.hu\/en\/"]}]},{"@type":"BreadcrumbList","@id":"https:\/\/www.galeria-panzio.hu\/en\/#breadcrumb","itemListElement":[{"@type":"ListItem","position":1,"name":"Home","item":"https:\/\/www.galeria-panzio.hu\/en\/"},{"@type":"ListItem","position":2,"name":"Hotel"}]},{"@type":"WebSite","@id":"https:\/\/www.galeria-panzio.hu\/en\/#website","url":"https:\/\/www.galeria-panzio.hu\/en\/","name":"Gal\u00e9ria Panzi\u00f3","description":"...egy \u00fajabb Creart Wordpress honlap...","potentialAction":[{"@type":"SearchAction","target":{"@type":"EntryPoint","urlTemplate":"https:\/\/www.galeria-panzio.hu\/en\/?s={search_term_string}"},"query-input":{"@type":"PropertyValueSpecification","valueRequired":true,"valueName":"search_term_string"}}],"inLanguage":"en-US"}]}},"_links":{"self":[{"href":"https:\/\/www.galeria-panzio.hu\/en\/wp-json\/wp\/v2\/pages\/17","targetHints":{"allow":["GET"]}}],"collection":[{"href":"https:\/\/www.galeria-panzio.hu\/en\/wp-json\/wp\/v2\/pages"}],"about":[{"href":"https:\/\/www.galeria-panzio.hu\/en\/wp-json\/wp\/v2\/types\/page"}],"author":[{"embeddable":true,"href":"https:\/\/www.galeria-panzio.hu\/en\/wp-json\/wp\/v2\/users\/1"}],"replies":[{"embeddable":true,"href":"https:\/\/www.galeria-panzio.hu\/en\/wp-json\/wp\/v2\/comments?post=17"}],"version-history":[{"count":0,"href":"https:\/\/www.galeria-panzio.hu\/en\/wp-json\/wp\/v2\/pages\/17\/revisions"}],"wp:attachment":[{"href":"https:\/\/www.galeria-panzio.hu\/en\/wp-json\/wp\/v2\/media?parent=17"}],"curies":[{"name":"wp","href":"https:\/\/api.w.org\/{rel}","templated":true}]}}